{"id":1844,"date":"2023-03-31T12:08:28","date_gmt":"2023-03-31T10:08:28","guid":{"rendered":"https:\/\/www.campingdeprigny.fr\/camping-cyclingtourism-les-moutiers-en-retz\/"},"modified":"2024-02-02T17:18:57","modified_gmt":"2024-02-02T16:18:57","slug":"camping-cyclingtourism-les-moutiers-en-retz","status":"publish","type":"page","link":"https:\/\/www.campingdeprigny.fr\/en\/camping-cyclingtourism-les-moutiers-en-retz\/","title":{"rendered":"Cycling tourism"},"content":{"rendered":"<section id=\"ls-section-block_cdb66d35d01182dba6c1f9660b29e26f\" class=\"ls-section  page-chapeau has-p-b p-b-0\" >\r\n        <div class=\"container \">\r\n        \n\n<h1 class=\"ls__heading wp-block-heading has-text-align-center deco-centre\">Ideal campsite for cycle touring <br\/>IN THE LOIRE-ATLANTIQUE<\/h1>\n\n\r\n    <\/div>\r\n<\/section><section id=\"ls-section-block_2590fd788589a6e32ead45c30a578b20\" class=\"ls-section  page-one coquillage has-p-b p-b-14\" >\r\n        <div class=\"container container--wide\">\r\n        \n\n<div class=\"wp-block-columns is-layout-flex wp-container-core-columns-is-layout-9d6595d7 wp-block-columns-is-layout-flex\">\n<div class=\"wp-block-column is-layout-flow wp-block-column-is-layout-flow\">\n<figure class=\"wp-block-image size-full deco-velo animated fadeIn slow\"><a href=\"https:\/\/www.campingdeprigny.fr\/wp-content\/uploads\/2023\/03\/velo-camping-loire-atlantique-2.webp\"><img decoding=\"async\" width=\"900\" height=\"600\" src=\"https:\/\/www.campingdeprigny.fr\/wp-content\/uploads\/2023\/03\/velo-camping-loire-atlantique-2.webp\" alt=\"velo camping loire atlantique\" class=\"wp-image-903\" srcset=\"https:\/\/www.campingdeprigny.fr\/wp-content\/uploads\/2023\/03\/velo-camping-loire-atlantique-2.webp 900w, https:\/\/www.campingdeprigny.fr\/wp-content\/uploads\/2023\/03\/velo-camping-loire-atlantique-2-300x200.webp 300w, https:\/\/www.campingdeprigny.fr\/wp-content\/uploads\/2023\/03\/velo-camping-loire-atlantique-2-768x512.webp 768w\" sizes=\"(max-width: 900px) 100vw, 900px\" \/><\/a><\/figure>\n<\/div>\n\n\n\n<div class=\"wp-block-column is-vertically-aligned-center is-layout-flow wp-block-column-is-layout-flow\">\n<h2 class=\"ls__heading wp-block-heading\"><strong>The most beautiful paths<\/strong> <br\/>near Les Moutiers-en-Retz<\/h2>\n\n\n\n<p class=\"ls-paragraph\">The <a href=\"https:\/\/www.campingdeprigny.fr\/en\/\">campsite in Loire-Atlantique<\/a> is located on the V\u00e9lodyss\u00e9e route. The v\u00e9lodyss\u00e9e is a cycle route that crosses Brittany and runs along the <strong>Atlantic coast<\/strong> to the Basque coast.<\/p>\n\n\n\n<p class=\"ls-paragraph\">When you arrive in Moutiers-en-Retz, you can&#8217;t pass by without coming to see us. Our campsite has the <strong>&#8220;Accueil v\u00e9lo&#8221; label<\/strong>.<\/p>\n\n\n\n<p class=\"ls-paragraph\">All around the campsite there are numerous cycle paths to discover the surrounding area. You may be surprised by the beauty of this region and its easy access thanks to this <strong>cycle route<\/strong> and its numerous paths. So don&#8217;t hesitate, get on your bike and come and see us!<\/p>\n<\/div>\n<\/div>\n\n\r\n    <\/div>\r\n<\/section><section id=\"ls-section-block_d33baa8adea8c92d5c061015d1e4c496\" class=\"ls-section  page-parallax text-left has-background-image has-p-t p-t-14 has-p-b p-b-14\" >\r\n    <div class=\"ls-section__background-image opacity-100\"><img decoding=\"async\" src=\"https:\/\/www.campingdeprigny.fr\/wp-content\/uploads\/2023\/03\/cyclos-randonneurs-camping-moutiers-en-retz.webp\" alt=\"cyclos randonneurs camping moutiers en retz\"><\/div>    <div class=\"container container--wide\">\r\n        \n\n<div class=\"wp-block-columns is-layout-flex wp-container-core-columns-is-layout-9d6595d7 wp-block-columns-is-layout-flex\">\n<div class=\"wp-block-column is-layout-flow wp-block-column-is-layout-flow\">\n<div id=\"ls-heading ls-titre-div-block_c83083935431baffd5bc1dad02a080dc\" class=\"ls-titre-div h2-like\" >\n    Saddle up!<\/div>\n\n\n\n<h2 class=\"ls__heading wp-block-heading\">Our accommodation for cyclists in Loire-Atlantique<\/h2>\n\n\n\n<p class=\"ls-paragraph\">We will be happy to welcome you on a space dedicated to <strong>cyclos-randonneurs<\/strong>. You can pitch your tent or rent one of the &#8220;campana&#8221;. As we know that when you travel by bike, you have to travel light, at the <strong>Prigny campsite<\/strong> we have set up an area dedicated solely to cycling.<\/p>\n\n\n\n<p class=\"ls-paragraph\">Once you have settled in, you will be able to take advantage of the services of this space with our <strong>kitchen area<\/strong> where we have a microwave, fridge and cooking rings at your disposal. Close to the campsite, in the centre of Moutiers-en-Retz, you will be able to do some shopping in the mini-market in complete tranquillity.<\/p>\n\n\n\n<p class=\"ls-paragraph\">The next morning, before hitting the road again, you can enjoy a good breakfast by reserving it the day before. A little extra to recharge your batteries!!<\/p>\n<\/div>\n\n\n\n<div class=\"wp-block-column is-layout-flow wp-block-column-is-layout-flow\"><\/div>\n<\/div>\n\n\r\n    <\/div>\r\n<\/section><section id=\"ls-section-block_bb3a7f9b7295de817f7a16649cb79256\" class=\"ls-section  page-two phare has-m-b m-b-6 has-p-t p-t-14 has-p-b p-b-14\" >\r\n        <div class=\"container container--wide\">\r\n        \n\n<h2 class=\"ls__heading wp-block-heading has-text-align-center fond\"><strong><mark style=\"background-color:rgba(0, 0, 0, 0)\" class=\"has-inline-color has-color-white-color\">Your stay<\/mark><\/strong><mark style=\"background-color:rgba(0, 0, 0, 0)\" class=\"has-inline-color has-color-white-color\">in cycling tourism<\/mark><\/h2>\n\n\n\n<div class=\"wp-block-columns is-layout-flex wp-container-core-columns-is-layout-9d6595d7 wp-block-columns-is-layout-flex\">\n<div class=\"wp-block-column left is-layout-flow wp-block-column-is-layout-flow\">\n<figure class=\"wp-block-image size-full animated fadeInLeft slow\"><a href=\"https:\/\/www.campingdeprigny.fr\/wp-content\/uploads\/2023\/03\/velo-balade-camping-loire-atlantique.webp\"><img decoding=\"async\" width=\"900\" height=\"600\" src=\"https:\/\/www.campingdeprigny.fr\/wp-content\/uploads\/2023\/03\/velo-balade-camping-loire-atlantique.webp\" alt=\"cycling tour camping loire atlantique\" class=\"wp-image-952\" srcset=\"https:\/\/www.campingdeprigny.fr\/wp-content\/uploads\/2023\/03\/velo-balade-camping-loire-atlantique.webp 900w, https:\/\/www.campingdeprigny.fr\/wp-content\/uploads\/2023\/03\/velo-balade-camping-loire-atlantique-300x200.webp 300w, https:\/\/www.campingdeprigny.fr\/wp-content\/uploads\/2023\/03\/velo-balade-camping-loire-atlantique-768x512.webp 768w\" sizes=\"(max-width: 900px) 100vw, 900px\" \/><\/a><\/figure>\n<\/div>\n\n\n\n<div class=\"wp-block-column is-vertically-aligned-center right is-layout-flow wp-block-column-is-layout-flow\">\n<p class=\"ls-paragraph\">We make sure that your stay at Prigny campsite is a time for you to relax and unwind before setting off on your next journey.<\/p>\n\n\n\n<p class=\"ls-paragraph\">There is a <strong>communal area<\/strong> with tables, chairs, fridge, hob, microwave and electric hook-up.<\/p>\n\n\n\n<p class=\"ls-paragraph\">You can also take advantage of our <strong>heated<\/strong> <strong>pool area<\/strong>, and take a dip to relax your muscles. Our swimming pool is covered and heated, and open from the beginning of the season. So no matter how bad the weather is, you can enjoy and relax.<\/p>\n<\/div>\n<\/div>\n\n\r\n    <\/div>\r\n<\/section><section id=\"ls-section-block_54faac8b484aa407d8873c482d3b898f\" class=\"ls-section  home-avis parasol has-background-image\" >\r\n    <div class=\"ls-section__background-image opacity-100\"><img decoding=\"async\" src=\"https:\/\/www.campingdeprigny.fr\/wp-content\/uploads\/2023\/03\/bicycle-camping-moutiers-en-retz.webp\" alt=\"bicycle camping moutiers en retz\"><\/div>    <div class=\"container container--wide\">\r\n        \n\n<div id=\"ls-heading ls-titre-div-block_30ac9a033b06d555d9e631b42f43f226\" class=\"ls-titre-div h2-like\" >\n    <strong>What do our customers think<\/strong> about cycle tourism?<\/div>\n\n\n<div class=\"avis-container-pages\"><div class=\"avis\"><div class=\"avis-user\"><div class=\"avis-note\">\n                <span><i class=\"vougot-star\"><\/i><\/span><span><i class=\"vougot-star\"><\/i><\/span><span><i class=\"vougot-star\"><\/i><\/span><span><i class=\"vougot-star\"><\/i><\/span><span><i class=\"vougot-star\"><\/i><\/span>\n                <\/div><div class=\"avis-name\">Lor\u00e9na - Ao\u00fbt 2022<\/div><div class=\"avis-content\"><p><strong>Tr\u00e8s bon accueil pour les v\u00e9los<\/strong> avec \u00e0 disposition tables, chaises, prises \u00e9lectriques, frigo&#8230; pour un prix correct ! Personnel sympathique<\/p>\n<\/div><\/div><\/div><div class=\"avis\"><div class=\"avis-user\"><div class=\"avis-note\">\n                <span><i class=\"vougot-star\"><\/i><\/span><span><i class=\"vougot-star\"><\/i><\/span><span><i class=\"vougot-star\"><\/i><\/span><span><i class=\"vougot-star\"><\/i><\/span><span><i class=\"vougot-star\"><\/i><\/span>\n                <\/div><div class=\"avis-name\">Geraldine - Ao\u00fbt 2022<\/div><div class=\"avis-content\"><p>Nous partons en <strong>vacances en v\u00e9lo et se camping est une \u00e9tape incontournable<\/strong> de notre parcours<br \/>\nL accueil est tr\u00e8s familial<br \/>\nLes <strong>emplacements pour les cyclistes sont vraiment au top<\/strong><br \/>\nNous y retournerons avec grand plaisir<br \/>\nJe recommande vivement<\/p>\n<\/div><\/div><\/div><div class=\"avis\"><div class=\"avis-user\"><div class=\"avis-note\">\n                <span><i class=\"vougot-star\"><\/i><\/span><span><i class=\"vougot-star\"><\/i><\/span><span><i class=\"vougot-star\"><\/i><\/span><span><i class=\"vougot-star\"><\/i><\/span><span><i class=\"vougot-star\"><\/i><\/span>\n                <\/div><div class=\"avis-name\">Jacques - Mai 2022<\/div><div class=\"avis-content\"><p>Tr\u00e8s bon accueil des propri\u00e9taires de ce camping \u00e0 taille humaine et \u00e0 l&#8217;ambiance familiale.<br \/>\nNous remontions la <strong>velodyss\u00e9e<\/strong>, et malgr\u00e9 l&#8217;absence de place, ils ont r\u00e9ussi \u00e0 nous trouver un emplacement Cosi pour la nuit. Ce camping dispose \u00e9galement d&#8217;un <strong>espace d&#8217;accueil pour v\u00e9lo<\/strong> (avec des installations pour cuisiner et recharger les t\u00e9l\u00e9phones), cela est relativement rare pour le souligner. Et autre point fort, sanitaires tr\u00e8s propres, WC avec lunette, papier et d\u00e9sinfectant pour surfaces. Nous recommandons ce lieu !<\/p>\n<\/div><\/div><\/div><\/div>\n\n\r\n    <\/div>\r\n<\/section><section id=\"ls-section-block_8a985305348a399f98bfe21c52e84167\" class=\"ls-section  page-maillage tongs has-p-t p-t-14 has-p-b p-b-14\" >\r\n        <div class=\"container container--wide\">\r\n        \n\n<div id=\"ls-heading ls-titre-div-block_bc7fcdf7c40795d1114255e939526975\" class=\"ls-titre-div aligncenter h2-like\" >\n    The surroundings, the swimming pool and the entertainment offered by the campsite<\/div>\n\n\n<div id=\"ls-maillage-block_ab8a8e7ff6a2d140a84b1ae9769dd891\" class=\"ls-maillage cta-style-normal\" data-rows=\"3\">\r\n    <div class=\"wp-block-columns\"><div class=\"wp-block-column\">\n\n<a href=\"https:\/\/www.campingdeprigny.fr\/en\/tourism-loire-atlantique\/\" target=\"\" rel=\"noopener\" class=\"ls-cta__link\">\n\n\t<div class=\"ls-cta__image\"><img decoding=\"async\" src=\"https:\/\/www.campingdeprigny.fr\/wp-content\/uploads\/2023\/03\/plage-pronic-camping-moutiers-en-retz-768x461.webp\" alt=\"plage pronic camping moutiers en retz\"><\/div>\n\t<div class=\"ls-cta__title\">\n\t\tSurroundings <i class='prigny-right-arrow'><\/i>\n\t<\/div>\n\n\t\t\n<\/a><\/div><div class=\"wp-block-column\">\n\n<a href=\"https:\/\/www.campingdeprigny.fr\/en\/camping-entertainment-les-moutiers-en-retz\/\" target=\"\" rel=\"noopener\" class=\"ls-cta__link\">\n\n\t<div class=\"ls-cta__image\"><img decoding=\"async\" src=\"https:\/\/www.campingdeprigny.fr\/wp-content\/uploads\/2023\/03\/animation-camping-loire-atlantique-768x512.webp\" alt=\"animation camping loire atlantique\"><\/div>\n\t<div class=\"ls-cta__title\">\n\t\tAnimations <i class='prigny-right-arrow'><\/i>\n\t<\/div>\n\n\t\t\n<\/a><\/div><div class=\"wp-block-column\">\n\n<a href=\"https:\/\/www.campingdeprigny.fr\/en\/camping-heated-pool-les-moutiers-en-retz\/\" target=\"\" rel=\"noopener\" class=\"ls-cta__link\">\n\n\t<div class=\"ls-cta__image\"><img decoding=\"async\" src=\"https:\/\/www.campingdeprigny.fr\/wp-content\/uploads\/2023\/03\/pataugeoire-camping-768x465.webp\" alt=\"paddling pool camping\"><\/div>\n\t<div class=\"ls-cta__title\">\n\t\tSwimming pool <i class='prigny-right-arrow'><\/i>\n\t<\/div>\n\n\t\t\n<\/a><\/div><\/div><\/div>\n\r\n    <\/div>\r\n<\/section>","protected":false},"excerpt":{"rendered":"","protected":false},"author":1,"featured_media":1768,"parent":0,"menu_order":0,"comment_status":"closed","ping_status":"closed","template":"","meta":{"_acf_changed":false,"footnotes":""},"sujet":[],"class_list":["post-1844","page","type-page","status-publish","has-post-thumbnail","hentry"],"acf":[],"yoast_head":"<!-- This site is optimized with the Yoast SEO plugin v25.3 - https:\/\/yoast.com\/wordpress\/plugins\/seo\/ -->\n<title>Camping bicycle touring Moutiers-en-Retz | Camping cyclist Loire-Atlantique<\/title>\n<meta name=\"robots\" content=\"index, follow, max-snippet:-1, max-image-preview:large, max-video-preview:-1\" \/>\n<link rel=\"canonical\" href=\"https:\/\/www.campingdeprigny.fr\/en\/camping-cyclingtourism-les-moutiers-en-retz\/\" \/>\n<meta property=\"og:locale\" content=\"en_US\" \/>\n<meta property=\"og:type\" content=\"article\" \/>\n<meta property=\"og:title\" content=\"Camping bicycle touring Moutiers-en-Retz | Camping cyclist Loire-Atlantique\" \/>\n<meta property=\"og:url\" content=\"https:\/\/www.campingdeprigny.fr\/en\/camping-cyclingtourism-les-moutiers-en-retz\/\" \/>\n<meta property=\"og:site_name\" content=\"Camping de Prigny\" \/>\n<meta property=\"article:modified_time\" content=\"2024-02-02T16:18:57+00:00\" \/>\n<meta property=\"og:image\" content=\"https:\/\/www.campingdeprigny.fr\/wp-content\/uploads\/2023\/03\/cyclotourisme-camping-loire-atlantique-2.webp\" \/>\n\t<meta property=\"og:image:width\" content=\"1286\" \/>\n\t<meta property=\"og:image:height\" content=\"600\" \/>\n\t<meta property=\"og:image:type\" content=\"image\/webp\" \/>\n<meta name=\"twitter:card\" content=\"summary_large_image\" \/>\n<meta name=\"twitter:label1\" content=\"Est. reading time\" \/>\n\t<meta name=\"twitter:data1\" content=\"2 minutes\" \/>\n<script type=\"application\/ld+json\" class=\"yoast-schema-graph\">{\"@context\":\"https:\/\/schema.org\",\"@graph\":[{\"@type\":\"WebPage\",\"@id\":\"https:\/\/www.campingdeprigny.fr\/en\/camping-cyclingtourism-les-moutiers-en-retz\/\",\"url\":\"https:\/\/www.campingdeprigny.fr\/en\/camping-cyclingtourism-les-moutiers-en-retz\/\",\"name\":\"Camping bicycle touring Moutiers-en-Retz | Camping cyclist Loire-Atlantique\",\"isPartOf\":{\"@id\":\"https:\/\/www.campingdeprigny.fr\/#website\"},\"primaryImageOfPage\":{\"@id\":\"https:\/\/www.campingdeprigny.fr\/en\/camping-cyclingtourism-les-moutiers-en-retz\/#primaryimage\"},\"image\":{\"@id\":\"https:\/\/www.campingdeprigny.fr\/en\/camping-cyclingtourism-les-moutiers-en-retz\/#primaryimage\"},\"thumbnailUrl\":\"https:\/\/www.campingdeprigny.fr\/wp-content\/uploads\/2023\/03\/cyclotourisme-camping-loire-atlantique-2.webp\",\"datePublished\":\"2023-03-31T10:08:28+00:00\",\"dateModified\":\"2024-02-02T16:18:57+00:00\",\"breadcrumb\":{\"@id\":\"https:\/\/www.campingdeprigny.fr\/en\/camping-cyclingtourism-les-moutiers-en-retz\/#breadcrumb\"},\"inLanguage\":\"en-US\",\"potentialAction\":[{\"@type\":\"ReadAction\",\"target\":[\"https:\/\/www.campingdeprigny.fr\/en\/camping-cyclingtourism-les-moutiers-en-retz\/\"]}]},{\"@type\":\"ImageObject\",\"inLanguage\":\"en-US\",\"@id\":\"https:\/\/www.campingdeprigny.fr\/en\/camping-cyclingtourism-les-moutiers-en-retz\/#primaryimage\",\"url\":\"https:\/\/www.campingdeprigny.fr\/wp-content\/uploads\/2023\/03\/cyclotourisme-camping-loire-atlantique-2.webp\",\"contentUrl\":\"https:\/\/www.campingdeprigny.fr\/wp-content\/uploads\/2023\/03\/cyclotourisme-camping-loire-atlantique-2.webp\",\"width\":1286,\"height\":600,\"caption\":\"cyclotourisme camping loire atlantique 2\"},{\"@type\":\"BreadcrumbList\",\"@id\":\"https:\/\/www.campingdeprigny.fr\/en\/camping-cyclingtourism-les-moutiers-en-retz\/#breadcrumb\",\"itemListElement\":[{\"@type\":\"ListItem\",\"position\":1,\"name\":\"Camping Loire-Atlantique\",\"item\":\"https:\/\/www.campingdeprigny.fr\/en\/\"},{\"@type\":\"ListItem\",\"position\":2,\"name\":\"Camping for cyclists in Les Moutiers-en-Retz\"}]},{\"@type\":\"WebSite\",\"@id\":\"https:\/\/www.campingdeprigny.fr\/#website\",\"url\":\"https:\/\/www.campingdeprigny.fr\/\",\"name\":\"Camping de Prigny\",\"description\":\"\",\"publisher\":{\"@id\":\"https:\/\/www.campingdeprigny.fr\/#organization\"},\"potentialAction\":[{\"@type\":\"SearchAction\",\"target\":{\"@type\":\"EntryPoint\",\"urlTemplate\":\"https:\/\/www.campingdeprigny.fr\/?s={search_term_string}\"},\"query-input\":{\"@type\":\"PropertyValueSpecification\",\"valueRequired\":true,\"valueName\":\"search_term_string\"}}],\"inLanguage\":\"en-US\"},{\"@type\":\"Organization\",\"@id\":\"https:\/\/www.campingdeprigny.fr\/#organization\",\"name\":\"Camping de Prigny\",\"url\":\"https:\/\/www.campingdeprigny.fr\/\",\"logo\":{\"@type\":\"ImageObject\",\"inLanguage\":\"en-US\",\"@id\":\"https:\/\/www.campingdeprigny.fr\/#\/schema\/logo\/image\/\",\"url\":\"https:\/\/www.campingdeprigny.fr\/wp-content\/uploads\/2023\/03\/cropped-camping-de-prigny-2.png\",\"contentUrl\":\"https:\/\/www.campingdeprigny.fr\/wp-content\/uploads\/2023\/03\/cropped-camping-de-prigny-2.png\",\"width\":450,\"height\":319,\"caption\":\"Camping de Prigny\"},\"image\":{\"@id\":\"https:\/\/www.campingdeprigny.fr\/#\/schema\/logo\/image\/\"}}]}<\/script>\n<!-- \/ Yoast SEO plugin. -->","yoast_head_json":{"title":"Camping bicycle touring Moutiers-en-Retz | Camping cyclist Loire-Atlantique","robots":{"index":"index","follow":"follow","max-snippet":"max-snippet:-1","max-image-preview":"max-image-preview:large","max-video-preview":"max-video-preview:-1"},"canonical":"https:\/\/www.campingdeprigny.fr\/en\/camping-cyclingtourism-les-moutiers-en-retz\/","og_locale":"en_US","og_type":"article","og_title":"Camping bicycle touring Moutiers-en-Retz | Camping cyclist Loire-Atlantique","og_url":"https:\/\/www.campingdeprigny.fr\/en\/camping-cyclingtourism-les-moutiers-en-retz\/","og_site_name":"Camping de Prigny","article_modified_time":"2024-02-02T16:18:57+00:00","og_image":[{"width":1286,"height":600,"url":"https:\/\/www.campingdeprigny.fr\/wp-content\/uploads\/2023\/03\/cyclotourisme-camping-loire-atlantique-2.webp","type":"image\/webp"}],"twitter_card":"summary_large_image","twitter_misc":{"Est. reading time":"2 minutes"},"schema":{"@context":"https:\/\/schema.org","@graph":[{"@type":"WebPage","@id":"https:\/\/www.campingdeprigny.fr\/en\/camping-cyclingtourism-les-moutiers-en-retz\/","url":"https:\/\/www.campingdeprigny.fr\/en\/camping-cyclingtourism-les-moutiers-en-retz\/","name":"Camping bicycle touring Moutiers-en-Retz | Camping cyclist Loire-Atlantique","isPartOf":{"@id":"https:\/\/www.campingdeprigny.fr\/#website"},"primaryImageOfPage":{"@id":"https:\/\/www.campingdeprigny.fr\/en\/camping-cyclingtourism-les-moutiers-en-retz\/#primaryimage"},"image":{"@id":"https:\/\/www.campingdeprigny.fr\/en\/camping-cyclingtourism-les-moutiers-en-retz\/#primaryimage"},"thumbnailUrl":"https:\/\/www.campingdeprigny.fr\/wp-content\/uploads\/2023\/03\/cyclotourisme-camping-loire-atlantique-2.webp","datePublished":"2023-03-31T10:08:28+00:00","dateModified":"2024-02-02T16:18:57+00:00","breadcrumb":{"@id":"https:\/\/www.campingdeprigny.fr\/en\/camping-cyclingtourism-les-moutiers-en-retz\/#breadcrumb"},"inLanguage":"en-US","potentialAction":[{"@type":"ReadAction","target":["https:\/\/www.campingdeprigny.fr\/en\/camping-cyclingtourism-les-moutiers-en-retz\/"]}]},{"@type":"ImageObject","inLanguage":"en-US","@id":"https:\/\/www.campingdeprigny.fr\/en\/camping-cyclingtourism-les-moutiers-en-retz\/#primaryimage","url":"https:\/\/www.campingdeprigny.fr\/wp-content\/uploads\/2023\/03\/cyclotourisme-camping-loire-atlantique-2.webp","contentUrl":"https:\/\/www.campingdeprigny.fr\/wp-content\/uploads\/2023\/03\/cyclotourisme-camping-loire-atlantique-2.webp","width":1286,"height":600,"caption":"cyclotourisme camping loire atlantique 2"},{"@type":"BreadcrumbList","@id":"https:\/\/www.campingdeprigny.fr\/en\/camping-cyclingtourism-les-moutiers-en-retz\/#breadcrumb","itemListElement":[{"@type":"ListItem","position":1,"name":"Camping Loire-Atlantique","item":"https:\/\/www.campingdeprigny.fr\/en\/"},{"@type":"ListItem","position":2,"name":"Camping for cyclists in Les Moutiers-en-Retz"}]},{"@type":"WebSite","@id":"https:\/\/www.campingdeprigny.fr\/#website","url":"https:\/\/www.campingdeprigny.fr\/","name":"Camping de Prigny","description":"","publisher":{"@id":"https:\/\/www.campingdeprigny.fr\/#organization"},"potentialAction":[{"@type":"SearchAction","target":{"@type":"EntryPoint","urlTemplate":"https:\/\/www.campingdeprigny.fr\/?s={search_term_string}"},"query-input":{"@type":"PropertyValueSpecification","valueRequired":true,"valueName":"search_term_string"}}],"inLanguage":"en-US"},{"@type":"Organization","@id":"https:\/\/www.campingdeprigny.fr\/#organization","name":"Camping de Prigny","url":"https:\/\/www.campingdeprigny.fr\/","logo":{"@type":"ImageObject","inLanguage":"en-US","@id":"https:\/\/www.campingdeprigny.fr\/#\/schema\/logo\/image\/","url":"https:\/\/www.campingdeprigny.fr\/wp-content\/uploads\/2023\/03\/cropped-camping-de-prigny-2.png","contentUrl":"https:\/\/www.campingdeprigny.fr\/wp-content\/uploads\/2023\/03\/cropped-camping-de-prigny-2.png","width":450,"height":319,"caption":"Camping de Prigny"},"image":{"@id":"https:\/\/www.campingdeprigny.fr\/#\/schema\/logo\/image\/"}}]}},"_links":{"self":[{"href":"https:\/\/www.campingdeprigny.fr\/en\/wp-json\/wp\/v2\/pages\/1844","targetHints":{"allow":["GET"]}}],"collection":[{"href":"https:\/\/www.campingdeprigny.fr\/en\/wp-json\/wp\/v2\/pages"}],"about":[{"href":"https:\/\/www.campingdeprigny.fr\/en\/wp-json\/wp\/v2\/types\/page"}],"author":[{"embeddable":true,"href":"https:\/\/www.campingdeprigny.fr\/en\/wp-json\/wp\/v2\/users\/1"}],"replies":[{"embeddable":true,"href":"https:\/\/www.campingdeprigny.fr\/en\/wp-json\/wp\/v2\/comments?post=1844"}],"version-history":[{"count":7,"href":"https:\/\/www.campingdeprigny.fr\/en\/wp-json\/wp\/v2\/pages\/1844\/revisions"}],"predecessor-version":[{"id":2174,"href":"https:\/\/www.campingdeprigny.fr\/en\/wp-json\/wp\/v2\/pages\/1844\/revisions\/2174"}],"wp:featuredmedia":[{"embeddable":true,"href":"https:\/\/www.campingdeprigny.fr\/en\/wp-json\/wp\/v2\/media\/1768"}],"wp:attachment":[{"href":"https:\/\/www.campingdeprigny.fr\/en\/wp-json\/wp\/v2\/media?parent=1844"}],"wp:term":[{"taxonomy":"sujet","embeddable":true,"href":"https:\/\/www.campingdeprigny.fr\/en\/wp-json\/wp\/v2\/sujet?post=1844"}],"curies":[{"name":"wp","href":"https:\/\/api.w.org\/{rel}","templated":true}]}}