{"id":1840,"date":"2023-03-31T11:52:29","date_gmt":"2023-03-31T09:52:29","guid":{"rendered":"https:\/\/www.campingdeprigny.fr\/camping-entertainment-les-moutiers-en-retz\/"},"modified":"2023-12-06T10:53:58","modified_gmt":"2023-12-06T09:53:58","slug":"camping-entertainment-les-moutiers-en-retz","status":"publish","type":"page","link":"https:\/\/www.campingdeprigny.fr\/en\/camping-entertainment-les-moutiers-en-retz\/","title":{"rendered":"Animations"},"content":{"rendered":"<section id=\"ls-section-block_46cb0fdd69de4cc4ae8fa948eb6ba10c\" class=\"ls-section  page-chapeau has-p-b p-b-0\" >\r\n        <div class=\"container \">\r\n        \n\n<h1 class=\"ls__heading wp-block-heading has-text-align-center deco-centre\">The best of animation <br\/>at the campsite in Loire-Atlantique<\/h1>\n\n\r\n    <\/div>\r\n<\/section><section id=\"ls-section-block_2a1dc648d53de36c082b6d63142a4e4c\" class=\"ls-section  page-one coquillage has-p-b p-b-14\" >\r\n        <div class=\"container container--wide\">\r\n        \n\n<div class=\"wp-block-columns is-layout-flex wp-container-core-columns-is-layout-9d6595d7 wp-block-columns-is-layout-flex\">\n<div class=\"wp-block-column is-layout-flow wp-block-column-is-layout-flow\">\n<figure class=\"wp-block-image size-full deco-enfants animated fadeIn slow\"><a href=\"https:\/\/www.campingdeprigny.fr\/wp-content\/uploads\/2023\/03\/structure-gonflable-camping-moutiers-en-retz.webp\"><img decoding=\"async\" width=\"908\" height=\"600\" src=\"https:\/\/www.campingdeprigny.fr\/wp-content\/uploads\/2023\/03\/structure-gonflable-camping-moutiers-en-retz.webp\" alt=\"inflatable structure camping moutiers en retz\" class=\"wp-image-769\" srcset=\"https:\/\/www.campingdeprigny.fr\/wp-content\/uploads\/2023\/03\/structure-gonflable-camping-moutiers-en-retz.webp 908w, https:\/\/www.campingdeprigny.fr\/wp-content\/uploads\/2023\/03\/structure-gonflable-camping-moutiers-en-retz-300x198.webp 300w, https:\/\/www.campingdeprigny.fr\/wp-content\/uploads\/2023\/03\/structure-gonflable-camping-moutiers-en-retz-768x507.webp 768w\" sizes=\"(max-width: 908px) 100vw, 908px\" \/><\/a><\/figure>\n<\/div>\n\n\n\n<div class=\"wp-block-column is-vertically-aligned-center is-layout-flow wp-block-column-is-layout-flow\">\n<h2 class=\"ls__heading wp-block-heading\"><strong>The best in camping entertainment<\/strong> in Loire-Atlantique<\/h2>\n\n\n\n<p class=\"ls-paragraph\">Holidays are all about having fun. At the <strong>Prigny<\/strong> campsite, the playground for young and old includes a <strong>trampoline<\/strong>, slide, table tennis, table football and <strong>swing<\/strong>. Your children can meet up with their new friends and have an unforgettable time.<\/p>\n\n\n\n<p class=\"ls-paragraph\">We also have an <strong>inflatable structure<\/strong> that will delight young and old alike. <\/p>\n<\/div>\n<\/div>\n\n\r\n    <\/div>\r\n<\/section><section id=\"ls-section-block_c64200aa46aef2c44f9d867f80e7e09f\" class=\"ls-section  page-parallax text-left has-background-image has-p-t p-t-14 has-p-b p-b-14\" >\r\n    <div class=\"ls-section__background-image opacity-100\"><img decoding=\"async\" src=\"https:\/\/www.campingdeprigny.fr\/wp-content\/uploads\/2023\/03\/animation-enfant-camping-moutiers-en-retz.webp\" alt=\"animation enfant camping moutiers en retz\"><\/div>    <div class=\"container container--wide\">\r\n        \n\n<div class=\"wp-block-columns is-layout-flex wp-container-core-columns-is-layout-9d6595d7 wp-block-columns-is-layout-flex\">\n<div class=\"wp-block-column is-layout-flow wp-block-column-is-layout-flow\">\n<div id=\"ls-heading ls-titre-div-block_342a4e14f7829e67e35f8d9233f69bf2\" class=\"ls-titre-div h2-like\" >\n    Have fun!<\/div>\n\n\n\n<h2 class=\"ls__heading wp-block-heading\">The campsite&#8217;s children&#8217;s club<\/h2>\n\n\n\n<p class=\"ls-paragraph\">The <strong>activities<\/strong> at the children&#8217;s <strong>campsite<\/strong> are sure to please. We will offer them many activities and games throughout the summer. Your children can use their skills and imagination. They will be able to excel in the <strong>treasure hunt<\/strong> and course games.<\/p>\n\n\n\n<p class=\"ls-paragraph\">This is an opportunity for your children to make <strong>new friends<\/strong> and share unforgettable moments together that will enrich their childhood memories.<\/p>\n<\/div>\n\n\n\n<div class=\"wp-block-column is-layout-flow wp-block-column-is-layout-flow\"><\/div>\n<\/div>\n\n\r\n    <\/div>\r\n<\/section><section id=\"ls-section-block_4f8d2e350fe48bcb19e2d40986cd34d6\" class=\"ls-section  page-two phare has-m-b m-b-6 has-p-t p-t-14 has-p-b p-b-14\" >\r\n        <div class=\"container container--wide\">\r\n        \n\n<h2 class=\"ls__heading wp-block-heading has-text-align-center fond\"><strong><mark style=\"background-color:rgba(0, 0, 0, 0)\" class=\"has-inline-color has-color-white-color\">Take part<\/mark><\/strong>to our family events<\/h2>\n\n\n\n<div class=\"wp-block-columns is-layout-flex wp-container-core-columns-is-layout-9d6595d7 wp-block-columns-is-layout-flex\">\n<div class=\"wp-block-column left is-layout-flow wp-block-column-is-layout-flow\">\n<figure class=\"wp-block-image size-full animated fadeInLeft slow\"><a href=\"https:\/\/www.campingdeprigny.fr\/wp-content\/uploads\/2023\/03\/petanque-camping-moutiers-en-retz.webp\"><img decoding=\"async\" width=\"879\" height=\"600\" src=\"https:\/\/www.campingdeprigny.fr\/wp-content\/uploads\/2023\/03\/petanque-camping-moutiers-en-retz.webp\" alt=\"petanque camping moutiers en retz\" class=\"wp-image-864\" srcset=\"https:\/\/www.campingdeprigny.fr\/wp-content\/uploads\/2023\/03\/petanque-camping-moutiers-en-retz.webp 879w, https:\/\/www.campingdeprigny.fr\/wp-content\/uploads\/2023\/03\/petanque-camping-moutiers-en-retz-300x205.webp 300w, https:\/\/www.campingdeprigny.fr\/wp-content\/uploads\/2023\/03\/petanque-camping-moutiers-en-retz-768x524.webp 768w\" sizes=\"(max-width: 879px) 100vw, 879px\" \/><\/a><\/figure>\n<\/div>\n\n\n\n<div class=\"wp-block-column is-vertically-aligned-center right is-layout-flow wp-block-column-is-layout-flow\">\n<p class=\"ls-paragraph\">Throughout the season we offer <strong>many activities<\/strong>. This will be an opportunity to meet new people and to have a lot of fun during fishing trips and oyster barbecues. You can show us your talents during the <strong>petanque<\/strong> and <strong>wooden games<\/strong> competitions or during the family olympics.<\/p>\n\n\n\n<p class=\"ls-paragraph\">There is no age to have fun, you just have to know how to let go and find your child&#8217;s soul. So get ready for some great memories.<\/p>\n<\/div>\n<\/div>\n\n\r\n    <\/div>\r\n<\/section><section id=\"ls-section-block_d6ae3f639239c627f29142addcf50138\" class=\"ls-section  page-parallax text-left has-background-image has-m-t m-t-10 has-m-b m-b-10 has-p-t p-t-14 has-p-b p-b-14\" >\r\n    <div class=\"ls-section__background-image opacity-100\"><img decoding=\"async\" src=\"https:\/\/www.campingdeprigny.fr\/wp-content\/uploads\/2023\/03\/karaoke-camping-loire-atlantique.webp\" alt=\"karaoke camping loire atlantique\"><\/div>    <div class=\"container container--wide\">\r\n        \n\n<div class=\"wp-block-columns is-layout-flex wp-container-core-columns-is-layout-9d6595d7 wp-block-columns-is-layout-flex\">\n<div class=\"wp-block-column is-layout-flow wp-block-column-is-layout-flow\">\n<h2 class=\"ls__heading wp-block-heading\"><strong>The top family events<\/strong> and evenings in Loire-Atlantique<\/h2>\n\n\n\n<p class=\"ls-paragraph\">Because the days are often too short during the holidays in <a href=\"https:\/\/www.campingdeprigny.fr\/en\/\">camping in Moutiers en Retz<\/a>come and extend the pleasure with your family or friends during our themed meal evenings, <strong>dance party<\/strong>,  <strong>karaoke<\/strong>,  <strong>quiz aperitif<\/strong>We do our utmost to offer you beautiful evenings at the campsite in a good mood.<\/p>\n\n\n\n<p class=\"ls-paragraph\"><br\/>Holidays are all about letting go. So come and show off your singing or dancing skills, or show off your knowledge at the <strong>aperitif quizzes<\/strong>. Participating in our activities is the best way to make your holiday a success.<\/p>\n<\/div>\n\n\n\n<div class=\"wp-block-column is-layout-flow wp-block-column-is-layout-flow\"><\/div>\n<\/div>\n\n\r\n    <\/div>\r\n<\/section><section id=\"ls-section-block_9a581eabed78a0f784b97f9c3b6a4028\" class=\"ls-section  home-avis parasol has-background-image\" >\r\n    <div class=\"ls-section__background-image opacity-100\"><img decoding=\"async\" src=\"https:\/\/www.campingdeprigny.fr\/wp-content\/uploads\/2023\/03\/animation-camping-loire-atlantique.webp\" alt=\"animation camping loire atlantique\"><\/div>    <div class=\"container container--wide\">\r\n        \n\n<div id=\"ls-heading ls-titre-div-block_1b7869d88e275b8f979785d8f7f75f80\" class=\"ls-titre-div h2-like\" >\n    <strong>What do our customers think<\/strong> of the animations?<\/div>\n\n\n<div class=\"avis-container-pages\"><div class=\"avis\"><div class=\"avis-user\"><div class=\"avis-note\">\n                <span><i class=\"vougot-star\"><\/i><\/span><span><i class=\"vougot-star\"><\/i><\/span><span><i class=\"vougot-star\"><\/i><\/span><span><i class=\"vougot-star\"><\/i><\/span><span><i class=\"vougot-star\"><\/i><\/span>\n                <\/div><div class=\"avis-name\">Sam - Ao\u00fbt 2021<\/div><div class=\"avis-content\"><p>Familial et chaleureux Tr\u00e8s bon accueil, de <strong>nombreuses animations<\/strong>, bonne restauration \u00e0 bon prix . Camping familial et chaleureux ou l&#8217;on passe de bons moments en famille ou entre amis.<\/p>\n<\/div><\/div><\/div><div class=\"avis\"><div class=\"avis-user\"><div class=\"avis-note\">\n                <span><i class=\"vougot-star\"><\/i><\/span><span><i class=\"vougot-star\"><\/i><\/span><span><i class=\"vougot-star\"><\/i><\/span><span><i class=\"vougot-star\"><\/i><\/span><span><i class=\"vougot-star\"><\/i><\/span>\n                <\/div><div class=\"avis-name\">Celine - Juillet 2021<\/div><div class=\"avis-content\"><p>Parfait pour se fl\u00e2ner, balader, p\u00eacher.<br \/>\n<strong>Beaucoup d&#8217;activit\u00e9s<\/strong> dans le camping et ses proximit\u00e9s.<br \/>\nNe pas h\u00e9siter, r\u00e9server \ud83d\ude0f<\/p>\n<\/div><\/div><\/div><div class=\"avis\"><div class=\"avis-user\"><div class=\"avis-note\">\n                <span><i class=\"vougot-star\"><\/i><\/span><span><i class=\"vougot-star\"><\/i><\/span><span><i class=\"vougot-star\"><\/i><\/span><span><i class=\"vougot-star\"><\/i><\/span><span><i class=\"vougot-star\"><\/i><\/span>\n                <\/div><div class=\"avis-name\">Jean Fran\u00e7ois - Juillet 2021<\/div><div class=\"avis-content\"><p>Super s\u00e9jour de 15 jours dans un camping familial tenu par des g\u00e9rants tr\u00e8s professionnel et accessible <strong>beaucoup de jeux pour enfants et grand<\/strong> et avec des <strong>activit\u00e9s vari\u00e9es<\/strong> je recommande pour passer un bon s\u00e9jour dans une belle r\u00e9gion en tout cas on y retournera<\/p>\n<\/div><\/div><\/div><\/div>\n\n\r\n    <\/div>\r\n<\/section><section id=\"ls-section-block_071375f2e066f210d28bb2f9d87ede54\" class=\"ls-section  page-maillage tongs has-p-t p-t-14 has-p-b p-b-14\" >\r\n        <div class=\"container container--wide\">\r\n        \n\n<div id=\"ls-heading ls-titre-div-block_7377c61913b14613a5cae832077055b1\" class=\"ls-titre-div aligncenter h2-like\" >\n    Find out more about the services, pitches and cycling at the campsite<\/div>\n\n\n<div id=\"ls-maillage-block_01b46e3ba1031bde3199f8be648f6a9f\" class=\"ls-maillage cta-style-normal\" data-rows=\"3\">\r\n    <div class=\"wp-block-columns\"><div class=\"wp-block-column\">\n\n<a href=\"https:\/\/www.campingdeprigny.fr\/en\/camping-cyclingtourism-les-moutiers-en-retz\/\" target=\"\" rel=\"noopener\" class=\"ls-cta__link\">\n\n\t<div class=\"ls-cta__image\"><img decoding=\"async\" src=\"https:\/\/www.campingdeprigny.fr\/wp-content\/uploads\/2023\/03\/velo-balade-camping-loire-atlantique-768x512.webp\" alt=\"cycling tour camping loire atlantique\"><\/div>\n\t<div class=\"ls-cta__title\">\n\t\tCycling tourism <i class='prigny-right-arrow'><\/i>\n\t<\/div>\n\n\t\t\n<\/a><\/div><div class=\"wp-block-column\">\n\n<a href=\"https:\/\/www.campingdeprigny.fr\/en\/rental-mobile-home-les-moutiers-en-retz\/\" target=\"\" rel=\"noopener\" class=\"ls-cta__link\">\n\n\t<div class=\"ls-cta__image\"><img decoding=\"async\" src=\"https:\/\/www.campingdeprigny.fr\/wp-content\/uploads\/2023\/03\/mobil-home-camping-loire-atlantique-768x576.webp\" alt=\"mobil home camping loire atlantique\"><\/div>\n\t<div class=\"ls-cta__title\">\n\t\tRentals <i class='prigny-right-arrow'><\/i>\n\t<\/div>\n\n\t\t\n<\/a><\/div><div class=\"wp-block-column\">\n\n<a href=\"https:\/\/www.campingdeprigny.fr\/en\/family-camping-les-moutiers-en-retz\/\" target=\"\" rel=\"noopener\" class=\"ls-cta__link\">\n\n\t<div class=\"ls-cta__image\"><img decoding=\"async\" src=\"https:\/\/www.campingdeprigny.fr\/wp-content\/uploads\/2023\/03\/location-rosalie-camping-moutiers-en-retz-768x461.webp\" alt=\"rental rosalie camping moutiers en retz\"><\/div>\n\t<div class=\"ls-cta__title\">\n\t\tServices <i class='prigny-right-arrow'><\/i>\n\t<\/div>\n\n\t\t\n<\/a><\/div><\/div><\/div>\n\r\n    <\/div>\r\n<\/section>","protected":false},"excerpt":{"rendered":"","protected":false},"author":1,"featured_media":861,"parent":0,"menu_order":0,"comment_status":"closed","ping_status":"closed","template":"","meta":{"_acf_changed":false,"footnotes":""},"sujet":[],"class_list":["post-1840","page","type-page","status-publish","has-post-thumbnail","hentry"],"acf":[],"yoast_head":"<!-- This site is optimized with the Yoast SEO plugin v25.3 - https:\/\/yoast.com\/wordpress\/plugins\/seo\/ -->\n<title>Camping animation Moutiers-en-Retz | Camping activities Loire-Atlantique<\/title>\n<meta name=\"robots\" content=\"index, follow, max-snippet:-1, max-image-preview:large, max-video-preview:-1\" \/>\n<link rel=\"canonical\" href=\"https:\/\/www.campingdeprigny.fr\/en\/camping-entertainment-les-moutiers-en-retz\/\" \/>\n<meta property=\"og:locale\" content=\"en_US\" \/>\n<meta property=\"og:type\" content=\"article\" \/>\n<meta property=\"og:title\" content=\"Camping animation Moutiers-en-Retz | Camping activities Loire-Atlantique\" \/>\n<meta property=\"og:url\" content=\"https:\/\/www.campingdeprigny.fr\/en\/camping-entertainment-les-moutiers-en-retz\/\" \/>\n<meta property=\"og:site_name\" content=\"Camping de Prigny\" \/>\n<meta property=\"article:modified_time\" content=\"2023-12-06T09:53:58+00:00\" \/>\n<meta property=\"og:image\" content=\"https:\/\/www.campingdeprigny.fr\/wp-content\/uploads\/2023\/03\/aire-de-jeux-camping-loire-atlantique-3.webp\" \/>\n\t<meta property=\"og:image:width\" content=\"1819\" \/>\n\t<meta property=\"og:image:height\" content=\"600\" \/>\n\t<meta property=\"og:image:type\" content=\"image\/webp\" \/>\n<meta name=\"twitter:card\" content=\"summary_large_image\" \/>\n<meta name=\"twitter:label1\" content=\"Est. reading time\" \/>\n\t<meta name=\"twitter:data1\" content=\"2 minutes\" \/>\n<script type=\"application\/ld+json\" class=\"yoast-schema-graph\">{\"@context\":\"https:\/\/schema.org\",\"@graph\":[{\"@type\":\"WebPage\",\"@id\":\"https:\/\/www.campingdeprigny.fr\/en\/camping-entertainment-les-moutiers-en-retz\/\",\"url\":\"https:\/\/www.campingdeprigny.fr\/en\/camping-entertainment-les-moutiers-en-retz\/\",\"name\":\"Camping animation Moutiers-en-Retz | Camping activities Loire-Atlantique\",\"isPartOf\":{\"@id\":\"https:\/\/www.campingdeprigny.fr\/#website\"},\"primaryImageOfPage\":{\"@id\":\"https:\/\/www.campingdeprigny.fr\/en\/camping-entertainment-les-moutiers-en-retz\/#primaryimage\"},\"image\":{\"@id\":\"https:\/\/www.campingdeprigny.fr\/en\/camping-entertainment-les-moutiers-en-retz\/#primaryimage\"},\"thumbnailUrl\":\"https:\/\/www.campingdeprigny.fr\/wp-content\/uploads\/2023\/03\/aire-de-jeux-camping-loire-atlantique-3.webp\",\"datePublished\":\"2023-03-31T09:52:29+00:00\",\"dateModified\":\"2023-12-06T09:53:58+00:00\",\"breadcrumb\":{\"@id\":\"https:\/\/www.campingdeprigny.fr\/en\/camping-entertainment-les-moutiers-en-retz\/#breadcrumb\"},\"inLanguage\":\"en-US\",\"potentialAction\":[{\"@type\":\"ReadAction\",\"target\":[\"https:\/\/www.campingdeprigny.fr\/en\/camping-entertainment-les-moutiers-en-retz\/\"]}]},{\"@type\":\"ImageObject\",\"inLanguage\":\"en-US\",\"@id\":\"https:\/\/www.campingdeprigny.fr\/en\/camping-entertainment-les-moutiers-en-retz\/#primaryimage\",\"url\":\"https:\/\/www.campingdeprigny.fr\/wp-content\/uploads\/2023\/03\/aire-de-jeux-camping-loire-atlantique-3.webp\",\"contentUrl\":\"https:\/\/www.campingdeprigny.fr\/wp-content\/uploads\/2023\/03\/aire-de-jeux-camping-loire-atlantique-3.webp\",\"width\":1819,\"height\":600,\"caption\":\"aire de jeux camping loire atlantique\"},{\"@type\":\"BreadcrumbList\",\"@id\":\"https:\/\/www.campingdeprigny.fr\/en\/camping-entertainment-les-moutiers-en-retz\/#breadcrumb\",\"itemListElement\":[{\"@type\":\"ListItem\",\"position\":1,\"name\":\"Camping Loire-Atlantique\",\"item\":\"https:\/\/www.campingdeprigny.fr\/en\/\"},{\"@type\":\"ListItem\",\"position\":2,\"name\":\"Camping with entertainment in Les Moutiers-en-Retz\"}]},{\"@type\":\"WebSite\",\"@id\":\"https:\/\/www.campingdeprigny.fr\/#website\",\"url\":\"https:\/\/www.campingdeprigny.fr\/\",\"name\":\"Camping de Prigny\",\"description\":\"\",\"publisher\":{\"@id\":\"https:\/\/www.campingdeprigny.fr\/#organization\"},\"potentialAction\":[{\"@type\":\"SearchAction\",\"target\":{\"@type\":\"EntryPoint\",\"urlTemplate\":\"https:\/\/www.campingdeprigny.fr\/?s={search_term_string}\"},\"query-input\":{\"@type\":\"PropertyValueSpecification\",\"valueRequired\":true,\"valueName\":\"search_term_string\"}}],\"inLanguage\":\"en-US\"},{\"@type\":\"Organization\",\"@id\":\"https:\/\/www.campingdeprigny.fr\/#organization\",\"name\":\"Camping de Prigny\",\"url\":\"https:\/\/www.campingdeprigny.fr\/\",\"logo\":{\"@type\":\"ImageObject\",\"inLanguage\":\"en-US\",\"@id\":\"https:\/\/www.campingdeprigny.fr\/#\/schema\/logo\/image\/\",\"url\":\"https:\/\/www.campingdeprigny.fr\/wp-content\/uploads\/2023\/03\/cropped-camping-de-prigny-2.png\",\"contentUrl\":\"https:\/\/www.campingdeprigny.fr\/wp-content\/uploads\/2023\/03\/cropped-camping-de-prigny-2.png\",\"width\":450,\"height\":319,\"caption\":\"Camping de Prigny\"},\"image\":{\"@id\":\"https:\/\/www.campingdeprigny.fr\/#\/schema\/logo\/image\/\"}}]}<\/script>\n<!-- \/ Yoast SEO plugin. -->","yoast_head_json":{"title":"Camping animation Moutiers-en-Retz | Camping activities Loire-Atlantique","robots":{"index":"index","follow":"follow","max-snippet":"max-snippet:-1","max-image-preview":"max-image-preview:large","max-video-preview":"max-video-preview:-1"},"canonical":"https:\/\/www.campingdeprigny.fr\/en\/camping-entertainment-les-moutiers-en-retz\/","og_locale":"en_US","og_type":"article","og_title":"Camping animation Moutiers-en-Retz | Camping activities Loire-Atlantique","og_url":"https:\/\/www.campingdeprigny.fr\/en\/camping-entertainment-les-moutiers-en-retz\/","og_site_name":"Camping de Prigny","article_modified_time":"2023-12-06T09:53:58+00:00","og_image":[{"width":1819,"height":600,"url":"https:\/\/www.campingdeprigny.fr\/wp-content\/uploads\/2023\/03\/aire-de-jeux-camping-loire-atlantique-3.webp","type":"image\/webp"}],"twitter_card":"summary_large_image","twitter_misc":{"Est. reading time":"2 minutes"},"schema":{"@context":"https:\/\/schema.org","@graph":[{"@type":"WebPage","@id":"https:\/\/www.campingdeprigny.fr\/en\/camping-entertainment-les-moutiers-en-retz\/","url":"https:\/\/www.campingdeprigny.fr\/en\/camping-entertainment-les-moutiers-en-retz\/","name":"Camping animation Moutiers-en-Retz | Camping activities Loire-Atlantique","isPartOf":{"@id":"https:\/\/www.campingdeprigny.fr\/#website"},"primaryImageOfPage":{"@id":"https:\/\/www.campingdeprigny.fr\/en\/camping-entertainment-les-moutiers-en-retz\/#primaryimage"},"image":{"@id":"https:\/\/www.campingdeprigny.fr\/en\/camping-entertainment-les-moutiers-en-retz\/#primaryimage"},"thumbnailUrl":"https:\/\/www.campingdeprigny.fr\/wp-content\/uploads\/2023\/03\/aire-de-jeux-camping-loire-atlantique-3.webp","datePublished":"2023-03-31T09:52:29+00:00","dateModified":"2023-12-06T09:53:58+00:00","breadcrumb":{"@id":"https:\/\/www.campingdeprigny.fr\/en\/camping-entertainment-les-moutiers-en-retz\/#breadcrumb"},"inLanguage":"en-US","potentialAction":[{"@type":"ReadAction","target":["https:\/\/www.campingdeprigny.fr\/en\/camping-entertainment-les-moutiers-en-retz\/"]}]},{"@type":"ImageObject","inLanguage":"en-US","@id":"https:\/\/www.campingdeprigny.fr\/en\/camping-entertainment-les-moutiers-en-retz\/#primaryimage","url":"https:\/\/www.campingdeprigny.fr\/wp-content\/uploads\/2023\/03\/aire-de-jeux-camping-loire-atlantique-3.webp","contentUrl":"https:\/\/www.campingdeprigny.fr\/wp-content\/uploads\/2023\/03\/aire-de-jeux-camping-loire-atlantique-3.webp","width":1819,"height":600,"caption":"aire de jeux camping loire atlantique"},{"@type":"BreadcrumbList","@id":"https:\/\/www.campingdeprigny.fr\/en\/camping-entertainment-les-moutiers-en-retz\/#breadcrumb","itemListElement":[{"@type":"ListItem","position":1,"name":"Camping Loire-Atlantique","item":"https:\/\/www.campingdeprigny.fr\/en\/"},{"@type":"ListItem","position":2,"name":"Camping with entertainment in Les Moutiers-en-Retz"}]},{"@type":"WebSite","@id":"https:\/\/www.campingdeprigny.fr\/#website","url":"https:\/\/www.campingdeprigny.fr\/","name":"Camping de Prigny","description":"","publisher":{"@id":"https:\/\/www.campingdeprigny.fr\/#organization"},"potentialAction":[{"@type":"SearchAction","target":{"@type":"EntryPoint","urlTemplate":"https:\/\/www.campingdeprigny.fr\/?s={search_term_string}"},"query-input":{"@type":"PropertyValueSpecification","valueRequired":true,"valueName":"search_term_string"}}],"inLanguage":"en-US"},{"@type":"Organization","@id":"https:\/\/www.campingdeprigny.fr\/#organization","name":"Camping de Prigny","url":"https:\/\/www.campingdeprigny.fr\/","logo":{"@type":"ImageObject","inLanguage":"en-US","@id":"https:\/\/www.campingdeprigny.fr\/#\/schema\/logo\/image\/","url":"https:\/\/www.campingdeprigny.fr\/wp-content\/uploads\/2023\/03\/cropped-camping-de-prigny-2.png","contentUrl":"https:\/\/www.campingdeprigny.fr\/wp-content\/uploads\/2023\/03\/cropped-camping-de-prigny-2.png","width":450,"height":319,"caption":"Camping de Prigny"},"image":{"@id":"https:\/\/www.campingdeprigny.fr\/#\/schema\/logo\/image\/"}}]}},"_links":{"self":[{"href":"https:\/\/www.campingdeprigny.fr\/en\/wp-json\/wp\/v2\/pages\/1840","targetHints":{"allow":["GET"]}}],"collection":[{"href":"https:\/\/www.campingdeprigny.fr\/en\/wp-json\/wp\/v2\/pages"}],"about":[{"href":"https:\/\/www.campingdeprigny.fr\/en\/wp-json\/wp\/v2\/types\/page"}],"author":[{"embeddable":true,"href":"https:\/\/www.campingdeprigny.fr\/en\/wp-json\/wp\/v2\/users\/1"}],"replies":[{"embeddable":true,"href":"https:\/\/www.campingdeprigny.fr\/en\/wp-json\/wp\/v2\/comments?post=1840"}],"version-history":[{"count":4,"href":"https:\/\/www.campingdeprigny.fr\/en\/wp-json\/wp\/v2\/pages\/1840\/revisions"}],"predecessor-version":[{"id":2108,"href":"https:\/\/www.campingdeprigny.fr\/en\/wp-json\/wp\/v2\/pages\/1840\/revisions\/2108"}],"wp:featuredmedia":[{"embeddable":true,"href":"https:\/\/www.campingdeprigny.fr\/en\/wp-json\/wp\/v2\/media\/861"}],"wp:attachment":[{"href":"https:\/\/www.campingdeprigny.fr\/en\/wp-json\/wp\/v2\/media?parent=1840"}],"wp:term":[{"taxonomy":"sujet","embeddable":true,"href":"https:\/\/www.campingdeprigny.fr\/en\/wp-json\/wp\/v2\/sujet?post=1840"}],"curies":[{"name":"wp","href":"https:\/\/api.w.org\/{rel}","templated":true}]}}